{"id":357,"date":"2026-03-22T00:49:06","date_gmt":"2026-03-22T00:49:06","guid":{"rendered":"https:\/\/tuespacioseguromadrid.es\/?page_id=357"},"modified":"2026-03-22T00:49:07","modified_gmt":"2026-03-22T00:49:07","slug":"politica-de-cookies","status":"publish","type":"page","link":"https:\/\/tuespacioseguromadrid.es\/en\/politica-de-cookies\/","title":{"rendered":"Cookie Policy"},"content":{"rendered":"<h2 class=\"wp-block-heading\">Cookie Policy<\/h2>\n\n\n\n<p><strong>What are cookies?<\/strong><br>They are small files that are stored in your browser to improve the user experience.<\/p>\n\n\n\n<p><strong>Types of cookies used<\/strong><br>This website may use:<\/p>\n\n\n\n<ul class=\"wp-block-list\">\n<li>Technical cookies (necessary for operation)<\/li>\n\n\n\n<li>Analytics cookies (for usage statistics)<\/li>\n\n\n\n<li>Third-party cookies (like Google Analytics)<\/li>\n<\/ul>\n\n\n\n<p><strong>Cookie Management<\/strong><br>You can accept, reject, or configure the use of cookies from your browser:<\/p>\n\n\n\n<ul class=\"wp-block-list\">\n<li>Chrome<\/li>\n\n\n\n<li>Firefox<\/li>\n\n\n\n<li>Safari<\/li>\n\n\n\n<li>Edge<\/li>\n<\/ul>\n\n\n\n<p><strong>Deactivation<\/strong><br>Disabling cookies may affect the website's functionality.<\/p>","protected":false},"excerpt":{"rendered":"<p>Pol\u00edtica de cookies \u00bfQu\u00e9 son las cookies?Son peque\u00f1os archivos que se almacenan en tu navegador para mejorar la experiencia del usuario. Tipos de cookies utilizadasEste sitio web puede utilizar: Gesti\u00f3n de cookiesPuedes aceptar, rechazar o configurar el uso de cookies desde tu navegador: Desactivaci\u00f3nLa desactivaci\u00f3n de cookies puede afectar al funcionamiento de la web.<\/p>","protected":false},"author":2,"featured_media":0,"parent":0,"menu_order":0,"comment_status":"closed","ping_status":"closed","template":"","meta":{"footnotes":""},"class_list":["post-357","page","type-page","status-publish","hentry"],"blocksy_meta":[],"_hostinger_reach_plugin_has_subscription_block":false,"_hostinger_reach_plugin_is_elementor":false,"_links":{"self":[{"href":"https:\/\/tuespacioseguromadrid.es\/en\/wp-json\/wp\/v2\/pages\/357","targetHints":{"allow":["GET"]}}],"collection":[{"href":"https:\/\/tuespacioseguromadrid.es\/en\/wp-json\/wp\/v2\/pages"}],"about":[{"href":"https:\/\/tuespacioseguromadrid.es\/en\/wp-json\/wp\/v2\/types\/page"}],"author":[{"embeddable":true,"href":"https:\/\/tuespacioseguromadrid.es\/en\/wp-json\/wp\/v2\/users\/2"}],"replies":[{"embeddable":true,"href":"https:\/\/tuespacioseguromadrid.es\/en\/wp-json\/wp\/v2\/comments?post=357"}],"version-history":[{"count":1,"href":"https:\/\/tuespacioseguromadrid.es\/en\/wp-json\/wp\/v2\/pages\/357\/revisions"}],"predecessor-version":[{"id":358,"href":"https:\/\/tuespacioseguromadrid.es\/en\/wp-json\/wp\/v2\/pages\/357\/revisions\/358"}],"wp:attachment":[{"href":"https:\/\/tuespacioseguromadrid.es\/en\/wp-json\/wp\/v2\/media?parent=357"}],"curies":[{"name":"wp","href":"https:\/\/api.w.org\/{rel}","templated":true}]}}