{"id":354,"date":"2026-03-22T00:48:01","date_gmt":"2026-03-22T00:48:01","guid":{"rendered":"https:\/\/tuespacioseguromadrid.es\/?page_id=354"},"modified":"2026-03-22T00:48:34","modified_gmt":"2026-03-22T00:48:34","slug":"politica-de-privacidad","status":"publish","type":"page","link":"https:\/\/tuespacioseguromadrid.es\/en\/politica-de-privacidad\/","title":{"rendered":"POL\u00cdTICA DE PRIVACIDAD"},"content":{"rendered":"<h2 class=\"wp-block-heading\">Privacy Policy<\/h2>\n\n\n\n<p><strong>Data controller<\/strong><\/p>\n\n\n\n<ul class=\"wp-block-list\">\n<li><strong>Headline:<\/strong> Paula Martinez Garcia<\/li>\n\n\n\n<li><strong>ID number<\/strong> 05319429N<\/li>\n\n\n\n<li><strong>Email:<\/strong> <a>info@tuespacioseguro.es<\/a><\/li>\n<\/ul>\n\n\n\n<p><strong>Purpose of treatment<\/strong><br>The personal data collected through forms or contact will be used for:<\/p>\n\n\n\n<ul class=\"wp-block-list\">\n<li>Answer inquiries<\/li>\n\n\n\n<li>Manage appointments or services<\/li>\n\n\n\n<li>Send information related to services<\/li>\n<\/ul>\n\n\n\n<p><strong>Legitimation<\/strong><br>The legal basis is the user's consent when providing their data.<\/p>\n\n\n\n<p><strong>Data conservation<\/strong><br>The data will be retained for as long as a relationship exists or for the period necessary to comply with legal obligations.<\/p>\n\n\n\n<p><strong>User rights<\/strong><br>You can exercise your rights to:<\/p>\n\n\n\n<ul class=\"wp-block-list\">\n<li>Access<\/li>\n\n\n\n<li>Correction<\/li>\n\n\n\n<li>Suppression<\/li>\n\n\n\n<li>Opposition<\/li>\n\n\n\n<li>Limitation<\/li>\n\n\n\n<li>Portability<\/li>\n<\/ul>\n\n\n\n<p>Sending an email to: <strong><a>info@tuespacioseguro.es<\/a><\/strong><\/p>\n\n\n\n<p><strong>Security<\/strong><br>Appropriate technical and organizational measures are implemented to protect personal data.<\/p>","protected":false},"excerpt":{"rendered":"<p>Pol\u00edtica de privacidad Responsable del tratamiento Finalidad del tratamientoLos datos personales recogidos a trav\u00e9s de formularios o contacto ser\u00e1n utilizados para: Legitimaci\u00f3nLa base legal es el consentimiento del usuario al facilitar sus datos. Conservaci\u00f3n de los datosLos datos se conservar\u00e1n mientras exista una relaci\u00f3n o durante el tiempo necesario para cumplir obligaciones legales. Derechos del [&hellip;]<\/p>\n","protected":false},"author":2,"featured_media":0,"parent":0,"menu_order":0,"comment_status":"closed","ping_status":"closed","template":"","meta":{"footnotes":""},"class_list":["post-354","page","type-page","status-publish","hentry"],"blocksy_meta":[],"_hostinger_reach_plugin_has_subscription_block":false,"_hostinger_reach_plugin_is_elementor":false,"_links":{"self":[{"href":"https:\/\/tuespacioseguromadrid.es\/en\/wp-json\/wp\/v2\/pages\/354","targetHints":{"allow":["GET"]}}],"collection":[{"href":"https:\/\/tuespacioseguromadrid.es\/en\/wp-json\/wp\/v2\/pages"}],"about":[{"href":"https:\/\/tuespacioseguromadrid.es\/en\/wp-json\/wp\/v2\/types\/page"}],"author":[{"embeddable":true,"href":"https:\/\/tuespacioseguromadrid.es\/en\/wp-json\/wp\/v2\/users\/2"}],"replies":[{"embeddable":true,"href":"https:\/\/tuespacioseguromadrid.es\/en\/wp-json\/wp\/v2\/comments?post=354"}],"version-history":[{"count":2,"href":"https:\/\/tuespacioseguromadrid.es\/en\/wp-json\/wp\/v2\/pages\/354\/revisions"}],"predecessor-version":[{"id":356,"href":"https:\/\/tuespacioseguromadrid.es\/en\/wp-json\/wp\/v2\/pages\/354\/revisions\/356"}],"wp:attachment":[{"href":"https:\/\/tuespacioseguromadrid.es\/en\/wp-json\/wp\/v2\/media?parent=354"}],"curies":[{"name":"wp","href":"https:\/\/api.w.org\/{rel}","templated":true}]}}