{"id":351,"date":"2026-03-22T00:46:56","date_gmt":"2026-03-22T00:46:56","guid":{"rendered":"https:\/\/tuespacioseguromadrid.es\/?page_id=351"},"modified":"2026-03-22T00:47:24","modified_gmt":"2026-03-22T00:47:24","slug":"aviso-legal","status":"publish","type":"page","link":"https:\/\/tuespacioseguromadrid.es\/en\/aviso-legal\/","title":{"rendered":"Legal Notice"},"content":{"rendered":"<h2 class=\"wp-block-heading\">Legal Notice<\/h2>\n\n\n\n<p>In compliance with the duty of information included in Law 34\/2002 (LSSI-CE), we inform you that:<\/p>\n\n\n\n<ul class=\"wp-block-list\">\n<li><strong>Name:<\/strong> Paula Martinez Garcia<\/li>\n\n\n\n<li><strong>ID number<\/strong> 05319429N<\/li>\n\n\n\n<li><strong>Address:<\/strong> C\/ Duque de Sesto 35, 28009 Madrid, Spain<\/li>\n\n\n\n<li><strong>Email:<\/strong> <a>info@tuespacioseguro.es<\/a><\/li>\n\n\n\n<li><strong>Phone number<\/strong> 690 61 27 77<\/li>\n<\/ul>\n\n\n\n<p><strong>Object<\/strong><br>The purpose of this website is to offer information about the wellness services, therapies, and personal support offered by the owner.<\/p>\n\n\n\n<p><strong>Terms of Use<\/strong><br>Access and use of this website attributes the condition of user, implying acceptance of the conditions reflected herein.<\/p>\n\n\n\n<p>The user agrees to make proper use of the content, not employing it for illicit activities or activities contrary to good faith.<\/p>\n\n\n\n<p><strong>Intellectual property<\/strong><br>All website content (text, images, design, logos, etc.) is the property of the owner or is licensed, and reproduction without authorization is prohibited.<\/p>\n\n\n\n<p><strong>Responsibility<\/strong><br>The owner is not responsible for any damages resulting from the use of the website, nor for technical errors or service interruptions.<\/p>","protected":false},"excerpt":{"rendered":"<p>Aviso legal En cumplimiento con el deber de informaci\u00f3n recogido en la Ley 34\/2002 (LSSI-CE), se informa que: ObjetoEl presente sitio web tiene como finalidad ofrecer informaci\u00f3n sobre los servicios de bienestar, terapias y acompa\u00f1amiento personal ofrecidos por la titular. Condiciones de usoEl acceso y uso de esta web atribuye la condici\u00f3n de usuario, implicando [&hellip;]<\/p>\n","protected":false},"author":2,"featured_media":0,"parent":0,"menu_order":0,"comment_status":"closed","ping_status":"closed","template":"","meta":{"footnotes":""},"class_list":["post-351","page","type-page","status-publish","hentry"],"blocksy_meta":[],"_hostinger_reach_plugin_has_subscription_block":false,"_hostinger_reach_plugin_is_elementor":false,"_links":{"self":[{"href":"https:\/\/tuespacioseguromadrid.es\/en\/wp-json\/wp\/v2\/pages\/351","targetHints":{"allow":["GET"]}}],"collection":[{"href":"https:\/\/tuespacioseguromadrid.es\/en\/wp-json\/wp\/v2\/pages"}],"about":[{"href":"https:\/\/tuespacioseguromadrid.es\/en\/wp-json\/wp\/v2\/types\/page"}],"author":[{"embeddable":true,"href":"https:\/\/tuespacioseguromadrid.es\/en\/wp-json\/wp\/v2\/users\/2"}],"replies":[{"embeddable":true,"href":"https:\/\/tuespacioseguromadrid.es\/en\/wp-json\/wp\/v2\/comments?post=351"}],"version-history":[{"count":2,"href":"https:\/\/tuespacioseguromadrid.es\/en\/wp-json\/wp\/v2\/pages\/351\/revisions"}],"predecessor-version":[{"id":353,"href":"https:\/\/tuespacioseguromadrid.es\/en\/wp-json\/wp\/v2\/pages\/351\/revisions\/353"}],"wp:attachment":[{"href":"https:\/\/tuespacioseguromadrid.es\/en\/wp-json\/wp\/v2\/media?parent=351"}],"curies":[{"name":"wp","href":"https:\/\/api.w.org\/{rel}","templated":true}]}}