{"id":239,"date":"2026-03-16T12:45:16","date_gmt":"2026-03-16T12:45:16","guid":{"rendered":"https:\/\/tuespacioseguromadrid.es\/?page_id=239"},"modified":"2026-03-16T13:31:32","modified_gmt":"2026-03-16T13:31:32","slug":"cursos","status":"publish","type":"page","link":"https:\/\/tuespacioseguromadrid.es\/en\/cursos\/","title":{"rendered":"Courses"},"content":{"rendered":"<div data-elementor-type=\"wp-page\" data-elementor-id=\"239\" class=\"elementor elementor-239\" data-elementor-post-type=\"page\">\n\t\t\t\t<div class=\"elementor-element elementor-element-5ad054fb e-flex e-con-boxed e-con e-parent\" data-id=\"5ad054fb\" data-element_type=\"container\" data-e-type=\"container\" data-settings=\"{&quot;background_background&quot;:&quot;gradient&quot;}\">\n\t\t\t\t\t<div class=\"e-con-inner\">\n\t\t\t\t<div class=\"elementor-element elementor-element-676b0517 elementor-widget elementor-widget-heading\" data-id=\"676b0517\" data-element_type=\"widget\" data-e-type=\"widget\" data-widget_type=\"heading.default\">\n\t\t\t\t\t<h1 class=\"elementor-heading-title elementor-size-default\">Courses<\/h1>\t\t\t\t<\/div>\n\t\t\t\t<div class=\"elementor-element elementor-element-a231c62 elementor-widget__width-initial elementor-widget-mobile__width-inherit elementor-widget elementor-widget-text-editor\" data-id=\"a231c62\" data-element_type=\"widget\" data-e-type=\"widget\" data-widget_type=\"text-editor.default\">\n\t\t\t\t\t\t\t\t\t<p>These packages are designed for you to acquire the necessary knowledge and skills for very specific matters without needing to start a therapeutic process.<\/p>\t\t\t\t\t\t\t\t<\/div>\n\t\t\t\t\t<\/div>\n\t\t\t\t<\/div>\n\t\t<div class=\"elementor-element elementor-element-716bd0ee e-flex e-con-boxed e-con e-parent\" data-id=\"716bd0ee\" data-element_type=\"container\" data-e-type=\"container\" data-settings=\"{&quot;background_background&quot;:&quot;classic&quot;}\">\n\t\t\t\t\t<div class=\"e-con-inner\">\n\t\t<div class=\"elementor-element elementor-element-6e55c0fd e-con-full e-flex e-con e-child\" data-id=\"6e55c0fd\" data-element_type=\"container\" data-e-type=\"container\" data-settings=\"{&quot;background_background&quot;:&quot;classic&quot;}\">\n\t\t\t\t<div class=\"elementor-element elementor-element-335016e elementor-widget elementor-widget-image\" data-id=\"335016e\" data-element_type=\"widget\" data-e-type=\"widget\" data-widget_type=\"image.default\">\n\t\t\t\t\t\t\t\t\t\t\t\t\t\t\t<img fetchpriority=\"high\" decoding=\"async\" width=\"1024\" height=\"1024\" src=\"https:\/\/tuespacioseguromadrid.es\/wp-content\/uploads\/2026\/03\/tuespacioseguromadrid-2-1024x1024.jpg\" class=\"attachment-large size-large wp-image-260\" alt=\"tuespacioseguromadrid.es\" srcset=\"https:\/\/tuespacioseguromadrid.es\/wp-content\/uploads\/2026\/03\/tuespacioseguromadrid-2-1024x1024.jpg 1024w, https:\/\/tuespacioseguromadrid.es\/wp-content\/uploads\/2026\/03\/tuespacioseguromadrid-2-300x300.jpg 300w, https:\/\/tuespacioseguromadrid.es\/wp-content\/uploads\/2026\/03\/tuespacioseguromadrid-2-150x150.jpg 150w, https:\/\/tuespacioseguromadrid.es\/wp-content\/uploads\/2026\/03\/tuespacioseguromadrid-2-768x768.jpg 768w, https:\/\/tuespacioseguromadrid.es\/wp-content\/uploads\/2026\/03\/tuespacioseguromadrid-2-1536x1536.jpg 1536w, https:\/\/tuespacioseguromadrid.es\/wp-content\/uploads\/2026\/03\/tuespacioseguromadrid-2.jpg 1732w\" sizes=\"(max-width: 1024px) 100vw, 1024px\" title=\"Courses\">\t\t\t\t\t\t\t\t\t\t\t\t\t\t\t<\/div>\n\t\t\t\t<div class=\"elementor-element elementor-element-747b33cc elementor-widget elementor-widget-heading\" data-id=\"747b33cc\" data-element_type=\"widget\" data-e-type=\"widget\" data-widget_type=\"heading.default\">\n\t\t\t\t\t<h2 class=\"elementor-heading-title elementor-size-default\">Activate mode <br> zen<\/h2>\t\t\t\t<\/div>\n\t\t\t\t<div class=\"elementor-element elementor-element-11b909f8 elementor-widget elementor-widget-text-editor\" data-id=\"11b909f8\" data-element_type=\"widget\" data-e-type=\"widget\" data-widget_type=\"text-editor.default\">\n\t\t\t\t\t\t\t\t\t<div class=\"elementor-element elementor-element-1efeb2d elementor-widget elementor-widget-text-editor\" data-id=\"1efeb2d\" data-element_type=\"widget\" data-widget_type=\"text-editor.default\"><div class=\"elementor-widget-container\"><p>If you want to start meditating or learn to slow down your day-to-day, this pack will help you find calm, balance, and well-being.<\/p><\/div><\/div>\t\t\t\t\t\t\t\t<\/div>\n\t\t\t\t<div class=\"elementor-element elementor-element-24eee74 elementor-widget elementor-widget-heading\" data-id=\"24eee74\" data-element_type=\"widget\" data-e-type=\"widget\" data-widget_type=\"heading.default\">\n\t\t\t\t\t<h2 class=\"elementor-heading-title elementor-size-default\">199\u20ac<\/h2>\t\t\t\t<\/div>\n\t\t\t\t<div class=\"elementor-element elementor-element-c3aa1bc elementor-widget elementor-widget-button\" data-id=\"c3aa1bc\" data-element_type=\"widget\" data-e-type=\"widget\" data-widget_type=\"button.default\">\n\t\t\t\t\t\t\t\t\t\t<a class=\"elementor-button elementor-button-link elementor-size-sm\" href=\"\/en\/contacto\/\">\n\t\t\t\t\t\t<span class=\"elementor-button-content-wrapper\">\n\t\t\t\t\t\t\t\t\t<span class=\"elementor-button-text\">Book<\/span>\n\t\t\t\t\t<\/span>\n\t\t\t\t\t<\/a>\n\t\t\t\t\t\t\t\t<\/div>\n\t\t\t\t<\/div>\n\t\t<div class=\"elementor-element elementor-element-884ea54 e-con-full e-flex e-con e-child\" data-id=\"884ea54\" data-element_type=\"container\" data-e-type=\"container\" data-settings=\"{&quot;background_background&quot;:&quot;classic&quot;}\">\n\t\t\t\t<div class=\"elementor-element elementor-element-20e088b elementor-widget elementor-widget-image\" data-id=\"20e088b\" data-element_type=\"widget\" data-e-type=\"widget\" data-widget_type=\"image.default\">\n\t\t\t\t\t\t\t\t\t\t\t\t\t\t\t<img decoding=\"async\" width=\"288\" height=\"288\" src=\"https:\/\/tuespacioseguromadrid.es\/wp-content\/uploads\/2026\/03\/tuespacioseguromadrid-5.jpg\" class=\"attachment-large size-large wp-image-261\" alt=\"tuespacioseguromadrid.es\" srcset=\"https:\/\/tuespacioseguromadrid.es\/wp-content\/uploads\/2026\/03\/tuespacioseguromadrid-5.jpg 288w, https:\/\/tuespacioseguromadrid.es\/wp-content\/uploads\/2026\/03\/tuespacioseguromadrid-5-150x150.jpg 150w\" sizes=\"(max-width: 288px) 100vw, 288px\" title=\"Courses\">\t\t\t\t\t\t\t\t\t\t\t\t\t\t\t<\/div>\n\t\t\t\t<div class=\"elementor-element elementor-element-9f497c7 elementor-widget elementor-widget-heading\" data-id=\"9f497c7\" data-element_type=\"widget\" data-e-type=\"widget\" data-widget_type=\"heading.default\">\n\t\t\t\t\t<h2 class=\"elementor-heading-title elementor-size-default\">Sweets <br> dreams<\/h2>\t\t\t\t<\/div>\n\t\t\t\t<div class=\"elementor-element elementor-element-f58e3bb elementor-widget elementor-widget-text-editor\" data-id=\"f58e3bb\" data-element_type=\"widget\" data-e-type=\"widget\" data-widget_type=\"text-editor.default\">\n\t\t\t\t\t\t\t\t\t<div class=\"elementor-element elementor-element-1efeb2d elementor-widget elementor-widget-text-editor\" data-id=\"1efeb2d\" data-element_type=\"widget\" data-widget_type=\"text-editor.default\"><div class=\"elementor-widget-container\"><p>Say goodbye to insomnia and learn to rest better. In just a few weeks, you'll regain energy, vitality, and truly restorative sleep.<\/p><\/div><\/div>\t\t\t\t\t\t\t\t<\/div>\n\t\t\t\t<div class=\"elementor-element elementor-element-ac56f2b elementor-widget elementor-widget-heading\" data-id=\"ac56f2b\" data-element_type=\"widget\" data-e-type=\"widget\" data-widget_type=\"heading.default\">\n\t\t\t\t\t<h2 class=\"elementor-heading-title elementor-size-default\">199\u20ac<\/h2>\t\t\t\t<\/div>\n\t\t\t\t<div class=\"elementor-element elementor-element-f2a19a3 elementor-widget elementor-widget-button\" data-id=\"f2a19a3\" data-element_type=\"widget\" data-e-type=\"widget\" data-widget_type=\"button.default\">\n\t\t\t\t\t\t\t\t\t\t<a class=\"elementor-button elementor-button-link elementor-size-sm\" href=\"\/en\/contacto\/\">\n\t\t\t\t\t\t<span class=\"elementor-button-content-wrapper\">\n\t\t\t\t\t\t\t\t\t<span class=\"elementor-button-text\">Book<\/span>\n\t\t\t\t\t<\/span>\n\t\t\t\t\t<\/a>\n\t\t\t\t\t\t\t\t<\/div>\n\t\t\t\t<\/div>\n\t\t<div class=\"elementor-element elementor-element-1e46c9c e-con-full e-flex e-con e-child\" data-id=\"1e46c9c\" data-element_type=\"container\" data-e-type=\"container\" data-settings=\"{&quot;background_background&quot;:&quot;classic&quot;}\">\n\t\t\t\t<div class=\"elementor-element elementor-element-466cc90 elementor-widget elementor-widget-image\" data-id=\"466cc90\" data-element_type=\"widget\" data-e-type=\"widget\" data-widget_type=\"image.default\">\n\t\t\t\t\t\t\t\t\t\t\t\t\t\t\t<img decoding=\"async\" width=\"1024\" height=\"679\" src=\"https:\/\/tuespacioseguromadrid.es\/wp-content\/uploads\/2026\/03\/tuespacioseguromadrid-3-1024x679.jpg\" class=\"attachment-large size-large wp-image-262\" alt=\"tuespacioseguromadrid.es\" srcset=\"https:\/\/tuespacioseguromadrid.es\/wp-content\/uploads\/2026\/03\/tuespacioseguromadrid-3-1024x679.jpg 1024w, https:\/\/tuespacioseguromadrid.es\/wp-content\/uploads\/2026\/03\/tuespacioseguromadrid-3-300x199.jpg 300w, https:\/\/tuespacioseguromadrid.es\/wp-content\/uploads\/2026\/03\/tuespacioseguromadrid-3-768x509.jpg 768w, https:\/\/tuespacioseguromadrid.es\/wp-content\/uploads\/2026\/03\/tuespacioseguromadrid-3.jpg 1295w\" sizes=\"(max-width: 1024px) 100vw, 1024px\" title=\"Courses\">\t\t\t\t\t\t\t\t\t\t\t\t\t\t\t<\/div>\n\t\t\t\t<div class=\"elementor-element elementor-element-2be75d4 elementor-widget elementor-widget-heading\" data-id=\"2be75d4\" data-element_type=\"widget\" data-e-type=\"widget\" data-widget_type=\"heading.default\">\n\t\t\t\t\t<h2 class=\"elementor-heading-title elementor-size-default\">Goodbye <br>nicotine<\/h2>\t\t\t\t<\/div>\n\t\t\t\t<div class=\"elementor-element elementor-element-4f0e847 elementor-widget elementor-widget-text-editor\" data-id=\"4f0e847\" data-element_type=\"widget\" data-e-type=\"widget\" data-widget_type=\"text-editor.default\">\n\t\t\t\t\t\t\t\t\t<div class=\"elementor-element elementor-element-1efeb2d elementor-widget elementor-widget-text-editor\" data-id=\"1efeb2d\" data-element_type=\"widget\" data-widget_type=\"text-editor.default\"><div class=\"elementor-widget-container\"><p>Learn how your tobacco addiction works and get effective tools to quit for good. Includes acupuncture sessions.<\/p><\/div><\/div>\t\t\t\t\t\t\t\t<\/div>\n\t\t\t\t<div class=\"elementor-element elementor-element-3c67e7a elementor-widget elementor-widget-heading\" data-id=\"3c67e7a\" data-element_type=\"widget\" data-e-type=\"widget\" data-widget_type=\"heading.default\">\n\t\t\t\t\t<h2 class=\"elementor-heading-title elementor-size-default\">199\u20ac<\/h2>\t\t\t\t<\/div>\n\t\t\t\t<div class=\"elementor-element elementor-element-9c83c57 elementor-widget elementor-widget-button\" data-id=\"9c83c57\" data-element_type=\"widget\" data-e-type=\"widget\" data-widget_type=\"button.default\">\n\t\t\t\t\t\t\t\t\t\t<a class=\"elementor-button elementor-button-link elementor-size-sm\" href=\"\/en\/contacto\/\">\n\t\t\t\t\t\t<span class=\"elementor-button-content-wrapper\">\n\t\t\t\t\t\t\t\t\t<span class=\"elementor-button-text\">Book<\/span>\n\t\t\t\t\t<\/span>\n\t\t\t\t\t<\/a>\n\t\t\t\t\t\t\t\t<\/div>\n\t\t\t\t<\/div>\n\t\t<div class=\"elementor-element elementor-element-22bea21 e-con-full e-flex e-con e-child\" data-id=\"22bea21\" data-element_type=\"container\" data-e-type=\"container\" data-settings=\"{&quot;background_background&quot;:&quot;classic&quot;}\">\n\t\t\t\t<div class=\"elementor-element elementor-element-6955dbb elementor-widget elementor-widget-image\" data-id=\"6955dbb\" data-element_type=\"widget\" data-e-type=\"widget\" data-widget_type=\"image.default\">\n\t\t\t\t\t\t\t\t\t\t\t\t\t\t\t<img loading=\"lazy\" decoding=\"async\" width=\"1024\" height=\"1024\" src=\"https:\/\/tuespacioseguromadrid.es\/wp-content\/uploads\/2026\/03\/tuespacioseguromadrid-1024x1024.jpg\" class=\"attachment-large size-large wp-image-263\" alt=\"tuespacioseguromadrid.es\" srcset=\"https:\/\/tuespacioseguromadrid.es\/wp-content\/uploads\/2026\/03\/tuespacioseguromadrid-1024x1024.jpg 1024w, https:\/\/tuespacioseguromadrid.es\/wp-content\/uploads\/2026\/03\/tuespacioseguromadrid-300x300.jpg 300w, https:\/\/tuespacioseguromadrid.es\/wp-content\/uploads\/2026\/03\/tuespacioseguromadrid-150x150.jpg 150w, https:\/\/tuespacioseguromadrid.es\/wp-content\/uploads\/2026\/03\/tuespacioseguromadrid-768x768.jpg 768w, https:\/\/tuespacioseguromadrid.es\/wp-content\/uploads\/2026\/03\/tuespacioseguromadrid-1536x1536.jpg 1536w, https:\/\/tuespacioseguromadrid.es\/wp-content\/uploads\/2026\/03\/tuespacioseguromadrid-2048x2048.jpg 2048w\" sizes=\"(max-width: 1024px) 100vw, 1024px\" title=\"Courses\">\t\t\t\t\t\t\t\t\t\t\t\t\t\t\t<\/div>\n\t\t\t\t<div class=\"elementor-element elementor-element-13609b5 elementor-widget elementor-widget-heading\" data-id=\"13609b5\" data-element_type=\"widget\" data-e-type=\"widget\" data-widget_type=\"heading.default\">\n\t\t\t\t\t<h2 class=\"elementor-heading-title elementor-size-default\">Talk to me, <br> Babe<\/h2>\t\t\t\t<\/div>\n\t\t\t\t<div class=\"elementor-element elementor-element-b34f8b8 elementor-widget elementor-widget-text-editor\" data-id=\"b34f8b8\" data-element_type=\"widget\" data-e-type=\"widget\" data-widget_type=\"text-editor.default\">\n\t\t\t\t\t\t\t\t\t<div class=\"elementor-element elementor-element-1efeb2d elementor-widget elementor-widget-text-editor\" data-id=\"1efeb2d\" data-element_type=\"widget\" data-widget_type=\"text-editor.default\"><div class=\"elementor-widget-container\"><p>A package for couples who want to improve their communication and strengthen their relationship with practical tools and professional support.<\/p><\/div><\/div>\t\t\t\t\t\t\t\t<\/div>\n\t\t\t\t<div class=\"elementor-element elementor-element-157c6b3 elementor-widget elementor-widget-heading\" data-id=\"157c6b3\" data-element_type=\"widget\" data-e-type=\"widget\" data-widget_type=\"heading.default\">\n\t\t\t\t\t<h2 class=\"elementor-heading-title elementor-size-default\">199\u20ac<\/h2>\t\t\t\t<\/div>\n\t\t\t\t<div class=\"elementor-element elementor-element-3c8f475 elementor-widget elementor-widget-button\" data-id=\"3c8f475\" data-element_type=\"widget\" data-e-type=\"widget\" data-widget_type=\"button.default\">\n\t\t\t\t\t\t\t\t\t\t<a class=\"elementor-button elementor-button-link elementor-size-sm\" href=\"\/en\/contacto\/\">\n\t\t\t\t\t\t<span class=\"elementor-button-content-wrapper\">\n\t\t\t\t\t\t\t\t\t<span class=\"elementor-button-text\">Book<\/span>\n\t\t\t\t\t<\/span>\n\t\t\t\t\t<\/a>\n\t\t\t\t\t\t\t\t<\/div>\n\t\t\t\t<\/div>\n\t\t<div class=\"elementor-element elementor-element-546d007 e-con-full e-flex e-con e-child\" data-id=\"546d007\" data-element_type=\"container\" data-e-type=\"container\" data-settings=\"{&quot;background_background&quot;:&quot;classic&quot;}\">\n\t\t\t\t<div class=\"elementor-element elementor-element-dd460d5 elementor-widget elementor-widget-image\" data-id=\"dd460d5\" data-element_type=\"widget\" data-e-type=\"widget\" data-widget_type=\"image.default\">\n\t\t\t\t\t\t\t\t\t\t\t\t\t\t\t<img loading=\"lazy\" decoding=\"async\" width=\"1024\" height=\"571\" src=\"https:\/\/tuespacioseguromadrid.es\/wp-content\/uploads\/2026\/03\/tuespacioseguromadrid-1-1024x571.jpg\" class=\"attachment-large size-large wp-image-264\" alt=\"tuespacioseguromadrid.es\" srcset=\"https:\/\/tuespacioseguromadrid.es\/wp-content\/uploads\/2026\/03\/tuespacioseguromadrid-1-1024x571.jpg 1024w, https:\/\/tuespacioseguromadrid.es\/wp-content\/uploads\/2026\/03\/tuespacioseguromadrid-1-300x167.jpg 300w, https:\/\/tuespacioseguromadrid.es\/wp-content\/uploads\/2026\/03\/tuespacioseguromadrid-1-768x428.jpg 768w, https:\/\/tuespacioseguromadrid.es\/wp-content\/uploads\/2026\/03\/tuespacioseguromadrid-1-1536x857.jpg 1536w, https:\/\/tuespacioseguromadrid.es\/wp-content\/uploads\/2026\/03\/tuespacioseguromadrid-1-2048x1142.jpg 2048w\" sizes=\"(max-width: 1024px) 100vw, 1024px\" title=\"Courses\">\t\t\t\t\t\t\t\t\t\t\t\t\t\t\t<\/div>\n\t\t\t\t<div class=\"elementor-element elementor-element-97d2c8c elementor-widget elementor-widget-heading\" data-id=\"97d2c8c\" data-element_type=\"widget\" data-e-type=\"widget\" data-widget_type=\"heading.default\">\n\t\t\t\t\t<h2 class=\"elementor-heading-title elementor-size-default\">A healthy mind in a healthy body<\/h2>\t\t\t\t<\/div>\n\t\t\t\t<div class=\"elementor-element elementor-element-fb3590e elementor-widget elementor-widget-text-editor\" data-id=\"fb3590e\" data-element_type=\"widget\" data-e-type=\"widget\" data-widget_type=\"text-editor.default\">\n\t\t\t\t\t\t\t\t\t<div class=\"elementor-element elementor-element-1efeb2d elementor-widget elementor-widget-text-editor\" data-id=\"1efeb2d\" data-element_type=\"widget\" data-widget_type=\"text-editor.default\"><div class=\"elementor-widget-container\"><p>Learn to nourish yourself better, understand your relationship with food, and manage emotional hunger to improve your physical and mental well-being.<\/p><\/div><\/div>\t\t\t\t\t\t\t\t<\/div>\n\t\t\t\t<div class=\"elementor-element elementor-element-92c1ea8 elementor-widget elementor-widget-heading\" data-id=\"92c1ea8\" data-element_type=\"widget\" data-e-type=\"widget\" data-widget_type=\"heading.default\">\n\t\t\t\t\t<h2 class=\"elementor-heading-title elementor-size-default\">199\u20ac<\/h2>\t\t\t\t<\/div>\n\t\t\t\t<div class=\"elementor-element elementor-element-19a761f elementor-widget elementor-widget-button\" data-id=\"19a761f\" data-element_type=\"widget\" data-e-type=\"widget\" data-widget_type=\"button.default\">\n\t\t\t\t\t\t\t\t\t\t<a class=\"elementor-button elementor-button-link elementor-size-sm\" href=\"\/en\/contacto\/\">\n\t\t\t\t\t\t<span class=\"elementor-button-content-wrapper\">\n\t\t\t\t\t\t\t\t\t<span class=\"elementor-button-text\">Book<\/span>\n\t\t\t\t\t<\/span>\n\t\t\t\t\t<\/a>\n\t\t\t\t\t\t\t\t<\/div>\n\t\t\t\t<\/div>\n\t\t\t\t\t<\/div>\n\t\t\t\t<\/div>\n\t\t<div class=\"elementor-element elementor-element-7aad7307 e-flex e-con-boxed e-con e-parent\" data-id=\"7aad7307\" data-element_type=\"container\" data-e-type=\"container\" data-settings=\"{&quot;background_background&quot;:&quot;classic&quot;}\">\n\t\t\t\t\t<div class=\"e-con-inner\">\n\t\t<div class=\"elementor-element elementor-element-254bcd54 e-con-full e-flex e-con e-child\" data-id=\"254bcd54\" data-element_type=\"container\" data-e-type=\"container\">\n\t\t\t\t<div class=\"elementor-element elementor-element-7fe54c80 elementor-widget elementor-widget-heading\" data-id=\"7fe54c80\" data-element_type=\"widget\" data-e-type=\"widget\" data-widget_type=\"heading.default\">\n\t\t\t\t\t<p class=\"elementor-heading-title elementor-size-default\">I want more information.<\/p>\t\t\t\t<\/div>\n\t\t\t\t<div class=\"elementor-element elementor-element-78b1f215 elementor-widget elementor-widget-text-editor\" data-id=\"78b1f215\" data-element_type=\"widget\" data-e-type=\"widget\" data-widget_type=\"text-editor.default\">\n\t\t\t\t\t\t\t\t\t<p>If you don't know where to start, we can guide you. Our team will help you find the most suitable course or support for your situation.<\/p>\t\t\t\t\t\t\t\t<\/div>\n\t\t\t\t<\/div>\n\t\t<div class=\"elementor-element elementor-element-7144c552 e-con-full e-flex e-con e-child\" data-id=\"7144c552\" data-element_type=\"container\" data-e-type=\"container\">\n\t\t\t\t<div class=\"elementor-element elementor-element-18704293 elementor-widget elementor-widget-button\" data-id=\"18704293\" data-element_type=\"widget\" data-e-type=\"widget\" data-widget_type=\"button.default\">\n\t\t\t\t\t\t\t\t\t\t<a class=\"elementor-button elementor-button-link elementor-size-sm\" href=\"\/en\/contacto\/\">\n\t\t\t\t\t\t<span class=\"elementor-button-content-wrapper\">\n\t\t\t\t\t\t\t\t\t<span class=\"elementor-button-text\">Contact<\/span>\n\t\t\t\t\t<\/span>\n\t\t\t\t\t<\/a>\n\t\t\t\t\t\t\t\t<\/div>\n\t\t\t\t<\/div>\n\t\t\t\t\t<\/div>\n\t\t\t\t<\/div>\n\t\t\t\t<\/div>","protected":false},"excerpt":{"rendered":"<p>Cursos Estos paquetes est\u00e1n dise\u00f1ados para que adquieras los conocimientos y destrezas necesarios para asuntos muy concretos sin necesidad de empezar un proceso terap\u00e9utico. Activa modo zen Si quieres iniciarte en la meditaci\u00f3n o aprender a bajar el ritmo del d\u00eda a d\u00eda, este pack te ayudar\u00e1 a encontrar calma, equilibrio y bienestar. 199\u20ac Reservar [&hellip;]<\/p>\n","protected":false},"author":2,"featured_media":0,"parent":0,"menu_order":0,"comment_status":"closed","ping_status":"closed","template":"","meta":{"footnotes":""},"class_list":["post-239","page","type-page","status-publish","hentry"],"blocksy_meta":[],"_hostinger_reach_plugin_has_subscription_block":false,"_hostinger_reach_plugin_is_elementor":false,"_links":{"self":[{"href":"https:\/\/tuespacioseguromadrid.es\/en\/wp-json\/wp\/v2\/pages\/239","targetHints":{"allow":["GET"]}}],"collection":[{"href":"https:\/\/tuespacioseguromadrid.es\/en\/wp-json\/wp\/v2\/pages"}],"about":[{"href":"https:\/\/tuespacioseguromadrid.es\/en\/wp-json\/wp\/v2\/types\/page"}],"author":[{"embeddable":true,"href":"https:\/\/tuespacioseguromadrid.es\/en\/wp-json\/wp\/v2\/users\/2"}],"replies":[{"embeddable":true,"href":"https:\/\/tuespacioseguromadrid.es\/en\/wp-json\/wp\/v2\/comments?post=239"}],"version-history":[{"count":25,"href":"https:\/\/tuespacioseguromadrid.es\/en\/wp-json\/wp\/v2\/pages\/239\/revisions"}],"predecessor-version":[{"id":298,"href":"https:\/\/tuespacioseguromadrid.es\/en\/wp-json\/wp\/v2\/pages\/239\/revisions\/298"}],"wp:attachment":[{"href":"https:\/\/tuespacioseguromadrid.es\/en\/wp-json\/wp\/v2\/media?parent=239"}],"curies":[{"name":"wp","href":"https:\/\/api.w.org\/{rel}","templated":true}]}}