{"id":211,"date":"2026-03-16T12:23:47","date_gmt":"2026-03-16T12:23:47","guid":{"rendered":"https:\/\/tuespacioseguromadrid.es\/?page_id=211"},"modified":"2026-03-16T14:32:16","modified_gmt":"2026-03-16T14:32:16","slug":"otras-terapias","status":"publish","type":"page","link":"https:\/\/tuespacioseguromadrid.es\/en\/otras-terapias\/","title":{"rendered":"Other therapies"},"content":{"rendered":"<div data-elementor-type=\"wp-page\" data-elementor-id=\"211\" class=\"elementor elementor-211\" data-elementor-post-type=\"page\">\n\t\t\t\t<div class=\"elementor-element elementor-element-5abbe20a e-flex e-con-boxed e-con e-parent\" data-id=\"5abbe20a\" data-element_type=\"container\" data-e-type=\"container\" data-settings=\"{&quot;background_background&quot;:&quot;gradient&quot;}\">\n\t\t\t\t\t<div class=\"e-con-inner\">\n\t\t\t\t<div class=\"elementor-element elementor-element-42c11488 elementor-widget elementor-widget-heading\" data-id=\"42c11488\" data-element_type=\"widget\" data-e-type=\"widget\" data-widget_type=\"heading.default\">\n\t\t\t\t\t<h1 class=\"elementor-heading-title elementor-size-default\">Other therapies<\/h1>\t\t\t\t<\/div>\n\t\t\t\t<div class=\"elementor-element elementor-element-4f015ed9 elementor-widget elementor-widget-text-editor\" data-id=\"4f015ed9\" data-element_type=\"widget\" data-e-type=\"widget\" data-widget_type=\"text-editor.default\">\n\t\t\t\t\t\t\t\t\t<p>At Espacio Seguro, we want to offer you other therapeutic alternatives that can help you feel better and approach your situation from a different perspective, one that is more integrative and personalized.<\/p>\t\t\t\t\t\t\t\t<\/div>\n\t\t\t\t\t<\/div>\n\t\t\t\t<\/div>\n\t\t<div class=\"elementor-element elementor-element-16535a9e e-flex e-con-boxed e-con e-parent\" data-id=\"16535a9e\" data-element_type=\"container\" data-e-type=\"container\" data-settings=\"{&quot;background_background&quot;:&quot;classic&quot;}\">\n\t\t\t\t\t<div class=\"e-con-inner\">\n\t\t<div class=\"elementor-element elementor-element-65f2171f e-con-full e-flex e-con e-child\" data-id=\"65f2171f\" data-element_type=\"container\" data-e-type=\"container\">\n\t\t\t\t<div class=\"elementor-element elementor-element-71142a elementor-widget elementor-widget-heading\" data-id=\"71142a\" data-element_type=\"widget\" data-e-type=\"widget\" data-widget_type=\"heading.default\">\n\t\t\t\t\t<h2 class=\"elementor-heading-title elementor-size-default\">Other therapies for your holistic well-being.<\/h2>\t\t\t\t<\/div>\n\t\t\t\t<div class=\"elementor-element elementor-element-364616be elementor-widget elementor-widget-text-editor\" data-id=\"364616be\" data-element_type=\"widget\" data-e-type=\"widget\" data-widget_type=\"text-editor.default\">\n\t\t\t\t\t\t\t\t\t<div class=\"elementor-element elementor-element-1efeb2d elementor-widget elementor-widget-text-editor\" data-id=\"1efeb2d\" data-element_type=\"widget\" data-widget_type=\"text-editor.default\"><div class=\"elementor-widget-container\"><p data-start=\"470\" data-end=\"665\">Sometimes we just feel unwell and don't know exactly what's wrong with us. We feel like something has changed, whether physically or emotionally, but we don't always find a clear answer.<\/p><p data-start=\"667\" data-end=\"919\">At Espacio Seguro, we firmly believe that health and well-being are the result of balance between mind and body. That's why we offer different therapies that can resolve, support, or complement what you're already doing to take care of yourself.<\/p><\/div><\/div>\t\t\t\t\t\t\t\t<\/div>\n\t\t\t\t<div class=\"elementor-element elementor-element-6dfe3b4c elementor-widget elementor-widget-heading\" data-id=\"6dfe3b4c\" data-element_type=\"widget\" data-e-type=\"widget\" data-widget_type=\"heading.default\">\n\t\t\t\t\t<h3 class=\"elementor-heading-title elementor-size-default\">A broader view of health.<\/h3>\t\t\t\t<\/div>\n\t\t\t\t<div class=\"elementor-element elementor-element-14ce7074 elementor-widget elementor-widget-text-editor\" data-id=\"14ce7074\" data-element_type=\"widget\" data-e-type=\"widget\" data-widget_type=\"text-editor.default\">\n\t\t\t\t\t\t\t\t\t<div class=\"elementor-element elementor-element-1efeb2d elementor-widget elementor-widget-text-editor\" data-id=\"1efeb2d\" data-element_type=\"widget\" data-widget_type=\"text-editor.default\"><div class=\"elementor-widget-container\"><p>In many cases, conventional medicine does not consider certain scenarios that can influence our well-being. This can lead us to go from one specialist to another without finding clear answers or, in the worst-case scenario, to get used to feeling this way.<\/p><\/div><\/div>\t\t\t\t\t\t\t\t<\/div>\n\t\t\t\t<\/div>\n\t\t<div class=\"elementor-element elementor-element-1dc53cc0 e-con-full e-flex e-con e-child\" data-id=\"1dc53cc0\" data-element_type=\"container\" data-e-type=\"container\">\n\t\t<div class=\"elementor-element elementor-element-3b5e8a0e e-grid e-con-full e-con e-child\" data-id=\"3b5e8a0e\" data-element_type=\"container\" data-e-type=\"container\">\n\t\t<div class=\"elementor-element elementor-element-77f8f10 e-con-full e-flex e-con e-child\" data-id=\"77f8f10\" data-element_type=\"container\" data-e-type=\"container\" data-settings=\"{&quot;background_background&quot;:&quot;classic&quot;}\">\n\t\t\t\t<div class=\"elementor-element elementor-element-ce3e7a7 elementor-widget elementor-widget-heading\" data-id=\"ce3e7a7\" data-element_type=\"widget\" data-e-type=\"widget\" data-widget_type=\"heading.default\">\n\t\t\t\t\t<h3 class=\"elementor-heading-title elementor-size-default\">Visceral therapy<\/h3>\t\t\t\t<\/div>\n\t\t\t\t<\/div>\n\t\t<div class=\"elementor-element elementor-element-66509d9d e-con-full e-flex e-con e-child\" data-id=\"66509d9d\" data-element_type=\"container\" data-e-type=\"container\" data-settings=\"{&quot;background_background&quot;:&quot;classic&quot;}\">\n\t\t\t\t<div class=\"elementor-element elementor-element-7dd828e8 elementor-widget elementor-widget-heading\" data-id=\"7dd828e8\" data-element_type=\"widget\" data-e-type=\"widget\" data-widget_type=\"heading.default\">\n\t\t\t\t\t<h3 class=\"elementor-heading-title elementor-size-default\">Traditional Chinese Medicine<\/h3>\t\t\t\t<\/div>\n\t\t\t\t<\/div>\n\t\t<div class=\"elementor-element elementor-element-7c167389 e-con-full e-flex e-con e-child\" data-id=\"7c167389\" data-element_type=\"container\" data-e-type=\"container\" data-settings=\"{&quot;background_background&quot;:&quot;classic&quot;}\">\n\t\t\t\t<div class=\"elementor-element elementor-element-1e173541 elementor-widget elementor-widget-heading\" data-id=\"1e173541\" data-element_type=\"widget\" data-e-type=\"widget\" data-widget_type=\"heading.default\">\n\t\t\t\t\t<h3 class=\"elementor-heading-title elementor-size-default\">Menstrual therapy<\/h3>\t\t\t\t<\/div>\n\t\t\t\t<\/div>\n\t\t<div class=\"elementor-element elementor-element-540fbf3f e-con-full e-flex e-con e-child\" data-id=\"540fbf3f\" data-element_type=\"container\" data-e-type=\"container\" data-settings=\"{&quot;background_background&quot;:&quot;classic&quot;}\">\n\t\t\t\t<div class=\"elementor-element elementor-element-40d36544 elementor-widget elementor-widget-heading\" data-id=\"40d36544\" data-element_type=\"widget\" data-e-type=\"widget\" data-widget_type=\"heading.default\">\n\t\t\t\t\t<h3 class=\"elementor-heading-title elementor-size-default\">Aromatherapy<\/h3>\t\t\t\t<\/div>\n\t\t\t\t<\/div>\n\t\t<div class=\"elementor-element elementor-element-4c3d9adf e-con-full e-flex e-con e-child\" data-id=\"4c3d9adf\" data-element_type=\"container\" data-e-type=\"container\" data-settings=\"{&quot;background_background&quot;:&quot;classic&quot;}\">\n\t\t\t\t<div class=\"elementor-element elementor-element-1a3ea78a elementor-widget elementor-widget-heading\" data-id=\"1a3ea78a\" data-element_type=\"widget\" data-e-type=\"widget\" data-widget_type=\"heading.default\">\n\t\t\t\t\t<h3 class=\"elementor-heading-title elementor-size-default\">Acupuncture<\/h3>\t\t\t\t<\/div>\n\t\t\t\t<\/div>\n\t\t<div class=\"elementor-element elementor-element-2d7b8503 e-con-full e-flex e-con e-child\" data-id=\"2d7b8503\" data-element_type=\"container\" data-e-type=\"container\" data-settings=\"{&quot;background_background&quot;:&quot;classic&quot;}\">\n\t\t\t\t<div class=\"elementor-element elementor-element-4a89616a elementor-widget elementor-widget-heading\" data-id=\"4a89616a\" data-element_type=\"widget\" data-e-type=\"widget\" data-widget_type=\"heading.default\">\n\t\t\t\t\t<h3 class=\"elementor-heading-title elementor-size-default\">Auriculotherapy<\/h3>\t\t\t\t<\/div>\n\t\t\t\t<\/div>\n\t\t\t\t<\/div>\n\t\t\t\t<\/div>\n\t\t\t\t\t<\/div>\n\t\t\t\t<\/div>\n\t\t<div class=\"elementor-element elementor-element-5502838c e-flex e-con-boxed e-con e-parent\" data-id=\"5502838c\" data-element_type=\"container\" data-e-type=\"container\" data-settings=\"{&quot;background_background&quot;:&quot;classic&quot;}\">\n\t\t\t\t\t<div class=\"e-con-inner\">\n\t\t<div class=\"elementor-element elementor-element-66d79122 e-con-full e-flex e-con e-child\" data-id=\"66d79122\" data-element_type=\"container\" data-e-type=\"container\">\n\t\t\t\t<div class=\"elementor-element elementor-element-4015dafb elementor-widget elementor-widget-heading\" data-id=\"4015dafb\" data-element_type=\"widget\" data-e-type=\"widget\" data-widget_type=\"heading.default\">\n\t\t\t\t\t<p class=\"elementor-heading-title elementor-size-default\">If you have any questions, you can get in touch.<\/p>\t\t\t\t<\/div>\n\t\t\t\t<div class=\"elementor-element elementor-element-58ed5e00 elementor-widget elementor-widget-text-editor\" data-id=\"58ed5e00\" data-element_type=\"widget\" data-e-type=\"widget\" data-widget_type=\"text-editor.default\">\n\t\t\t\t\t\t\t\t\t<p>Our team will guide you to find the type of intervention that best suits your case and your needs. Many of these therapies can be used as a complement to other treatments, helping to improve the body's overall balance and emotional well-being.<\/p>\t\t\t\t\t\t\t\t<\/div>\n\t\t\t\t<\/div>\n\t\t<div class=\"elementor-element elementor-element-578d7100 e-con-full e-flex e-con e-child\" data-id=\"578d7100\" data-element_type=\"container\" data-e-type=\"container\">\n\t\t\t\t<div class=\"elementor-element elementor-element-36dba84 elementor-widget elementor-widget-button\" data-id=\"36dba84\" data-element_type=\"widget\" data-e-type=\"widget\" data-widget_type=\"button.default\">\n\t\t\t\t\t\t\t\t\t\t<a class=\"elementor-button elementor-button-link elementor-size-sm\" href=\"https:\/\/tuespacioseguromadrid.es\/en\/contacto\/\">\n\t\t\t\t\t\t<span class=\"elementor-button-content-wrapper\">\n\t\t\t\t\t\t\t\t\t<span class=\"elementor-button-text\">Contact<\/span>\n\t\t\t\t\t<\/span>\n\t\t\t\t\t<\/a>\n\t\t\t\t\t\t\t\t<\/div>\n\t\t\t\t<\/div>\n\t\t\t\t\t<\/div>\n\t\t\t\t<\/div>\n\t\t\t\t<\/div>","protected":false},"excerpt":{"rendered":"<p>Otras terapias En Espacio Seguro queremos ofrecerte otras alternativas terap\u00e9uticas que pueden ayudarte a sentirte mejor y a abordar tu situaci\u00f3n desde una perspectiva diferente, m\u00e1s integradora y personalizada. Otras terapias para tu bienestar integral. A veces simplemente nos encontramos mal y no sabemos exactamente qu\u00e9 nos ocurre. Sentimos que algo ha cambiado, ya sea [&hellip;]<\/p>\n","protected":false},"author":2,"featured_media":0,"parent":0,"menu_order":0,"comment_status":"closed","ping_status":"closed","template":"","meta":{"footnotes":""},"class_list":["post-211","page","type-page","status-publish","hentry"],"blocksy_meta":[],"_hostinger_reach_plugin_has_subscription_block":false,"_hostinger_reach_plugin_is_elementor":false,"_links":{"self":[{"href":"https:\/\/tuespacioseguromadrid.es\/en\/wp-json\/wp\/v2\/pages\/211","targetHints":{"allow":["GET"]}}],"collection":[{"href":"https:\/\/tuespacioseguromadrid.es\/en\/wp-json\/wp\/v2\/pages"}],"about":[{"href":"https:\/\/tuespacioseguromadrid.es\/en\/wp-json\/wp\/v2\/types\/page"}],"author":[{"embeddable":true,"href":"https:\/\/tuespacioseguromadrid.es\/en\/wp-json\/wp\/v2\/users\/2"}],"replies":[{"embeddable":true,"href":"https:\/\/tuespacioseguromadrid.es\/en\/wp-json\/wp\/v2\/comments?post=211"}],"version-history":[{"count":13,"href":"https:\/\/tuespacioseguromadrid.es\/en\/wp-json\/wp\/v2\/pages\/211\/revisions"}],"predecessor-version":[{"id":349,"href":"https:\/\/tuespacioseguromadrid.es\/en\/wp-json\/wp\/v2\/pages\/211\/revisions\/349"}],"wp:attachment":[{"href":"https:\/\/tuespacioseguromadrid.es\/en\/wp-json\/wp\/v2\/media?parent=211"}],"curies":[{"name":"wp","href":"https:\/\/api.w.org\/{rel}","templated":true}]}}