{"id":179,"date":"2026-03-15T22:12:30","date_gmt":"2026-03-15T22:12:30","guid":{"rendered":"https:\/\/tuespacioseguromadrid.es\/?page_id=179"},"modified":"2026-03-16T14:31:19","modified_gmt":"2026-03-16T14:31:19","slug":"nutricion","status":"publish","type":"page","link":"https:\/\/tuespacioseguromadrid.es\/en\/nutricion\/","title":{"rendered":"Nutrition"},"content":{"rendered":"<div data-elementor-type=\"wp-page\" data-elementor-id=\"179\" class=\"elementor elementor-179\" data-elementor-post-type=\"page\">\n\t\t\t\t<div class=\"elementor-element elementor-element-7d7349b6 e-flex e-con-boxed e-con e-parent\" data-id=\"7d7349b6\" data-element_type=\"container\" data-e-type=\"container\" data-settings=\"{&quot;background_background&quot;:&quot;gradient&quot;}\">\n\t\t\t\t\t<div class=\"e-con-inner\">\n\t\t\t\t<div class=\"elementor-element elementor-element-247a91f4 elementor-widget elementor-widget-heading\" data-id=\"247a91f4\" data-element_type=\"widget\" data-e-type=\"widget\" data-widget_type=\"heading.default\">\n\t\t\t\t\t<h1 class=\"elementor-heading-title elementor-size-default\">Nutrition<\/h1>\t\t\t\t<\/div>\n\t\t\t\t<div class=\"elementor-element elementor-element-31219657 elementor-widget__width-initial elementor-widget-mobile__width-inherit elementor-widget elementor-widget-text-editor\" data-id=\"31219657\" data-element_type=\"widget\" data-e-type=\"widget\" data-widget_type=\"text-editor.default\">\n\t\t\t\t\t\t\t\t\t<p>At Safe Space, we understand that nutrition is much more than counting calories or following a strict diet.<\/p>\t\t\t\t\t\t\t\t<\/div>\n\t\t\t\t\t<\/div>\n\t\t\t\t<\/div>\n\t\t<div class=\"elementor-element elementor-element-7546ae8e e-flex e-con-boxed e-con e-parent\" data-id=\"7546ae8e\" data-element_type=\"container\" data-e-type=\"container\" data-settings=\"{&quot;background_background&quot;:&quot;classic&quot;}\">\n\t\t\t\t\t<div class=\"e-con-inner\">\n\t\t<div class=\"elementor-element elementor-element-4be85d96 e-con-full e-flex e-con e-child\" data-id=\"4be85d96\" data-element_type=\"container\" data-e-type=\"container\">\n\t\t\t\t<div class=\"elementor-element elementor-element-2145d6c7 elementor-widget elementor-widget-heading\" data-id=\"2145d6c7\" data-element_type=\"widget\" data-e-type=\"widget\" data-widget_type=\"heading.default\">\n\t\t\t\t\t<h2 class=\"elementor-heading-title elementor-size-default\">A comprehensive approach to nutrition.<\/h2>\t\t\t\t<\/div>\n\t\t\t\t<div class=\"elementor-element elementor-element-51544d90 elementor-widget elementor-widget-text-editor\" data-id=\"51544d90\" data-element_type=\"widget\" data-e-type=\"widget\" data-widget_type=\"text-editor.default\">\n\t\t\t\t\t\t\t\t\t<div class=\"elementor-element elementor-element-1efeb2d elementor-widget elementor-widget-text-editor\" data-id=\"1efeb2d\" data-element_type=\"widget\" data-widget_type=\"text-editor.default\"><div class=\"elementor-widget-container\"><p data-start=\"1075\" data-end=\"1323\">At Espacio Seguro, we believe traditional nutrition models often fall short. Our approach aims to support you holistically, understanding that eating is not just a physical matter, but also an emotional and psychological one.<\/p><p data-start=\"1325\" data-end=\"1520\">Our specialists focus not only on a scale, but on everything that accompanies the nourishment process: your habits, beliefs, attitudes towards food, and your relationship with your body.<\/p><p data-start=\"1522\" data-end=\"1736\">Our goal is not to give you rigid lists or confusing figures, but to offer you personalized tools that allow you to improve your well-being and transform your relationship with food in a sustainable way.<\/p><\/div><\/div>\t\t\t\t\t\t\t\t<\/div>\n\t\t\t\t<div class=\"elementor-element elementor-element-70ba4d5a elementor-widget elementor-widget-heading\" data-id=\"70ba4d5a\" data-element_type=\"widget\" data-e-type=\"widget\" data-widget_type=\"heading.default\">\n\t\t\t\t\t<h3 class=\"elementor-heading-title elementor-size-default\">A nutritional plan tailored to each person.<\/h3>\t\t\t\t<\/div>\n\t\t\t\t<\/div>\n\t\t<div class=\"elementor-element elementor-element-76c8d512 e-con-full e-flex e-con e-child\" data-id=\"76c8d512\" data-element_type=\"container\" data-e-type=\"container\">\n\t\t<div class=\"elementor-element elementor-element-7090ed37 e-grid e-con-full e-con e-child\" data-id=\"7090ed37\" data-element_type=\"container\" data-e-type=\"container\">\n\t\t<div class=\"elementor-element elementor-element-1af9af89 e-con-full e-flex e-con e-child\" data-id=\"1af9af89\" data-element_type=\"container\" data-e-type=\"container\" data-settings=\"{&quot;background_background&quot;:&quot;classic&quot;}\">\n\t\t\t\t<div class=\"elementor-element elementor-element-40c3e9e5 elementor-widget elementor-widget-heading\" data-id=\"40c3e9e5\" data-element_type=\"widget\" data-e-type=\"widget\" data-widget_type=\"heading.default\">\n\t\t\t\t\t<h3 class=\"elementor-heading-title elementor-size-default\">Clinical Nutrition<\/h3>\t\t\t\t<\/div>\n\t\t\t\t<\/div>\n\t\t<div class=\"elementor-element elementor-element-152d1060 e-con-full e-flex e-con e-child\" data-id=\"152d1060\" data-element_type=\"container\" data-e-type=\"container\" data-settings=\"{&quot;background_background&quot;:&quot;classic&quot;}\">\n\t\t\t\t<div class=\"elementor-element elementor-element-48205e64 elementor-widget elementor-widget-heading\" data-id=\"48205e64\" data-element_type=\"widget\" data-e-type=\"widget\" data-widget_type=\"heading.default\">\n\t\t\t\t\t<h3 class=\"elementor-heading-title elementor-size-default\">Sports nutrition<\/h3>\t\t\t\t<\/div>\n\t\t\t\t<\/div>\n\t\t<div class=\"elementor-element elementor-element-35f966db e-con-full e-flex e-con e-child\" data-id=\"35f966db\" data-element_type=\"container\" data-e-type=\"container\" data-settings=\"{&quot;background_background&quot;:&quot;classic&quot;}\">\n\t\t\t\t<div class=\"elementor-element elementor-element-5c3b2a1c elementor-widget elementor-widget-heading\" data-id=\"5c3b2a1c\" data-element_type=\"widget\" data-e-type=\"widget\" data-widget_type=\"heading.default\">\n\t\t\t\t\t<h3 class=\"elementor-heading-title elementor-size-default\">Psycho-nutrition<\/h3>\t\t\t\t<\/div>\n\t\t\t\t<\/div>\n\t\t<div class=\"elementor-element elementor-element-7081ca44 e-con-full e-flex e-con e-child\" data-id=\"7081ca44\" data-element_type=\"container\" data-e-type=\"container\" data-settings=\"{&quot;background_background&quot;:&quot;classic&quot;}\">\n\t\t\t\t<div class=\"elementor-element elementor-element-57826a34 elementor-widget elementor-widget-heading\" data-id=\"57826a34\" data-element_type=\"widget\" data-e-type=\"widget\" data-widget_type=\"heading.default\">\n\t\t\t\t\t<h3 class=\"elementor-heading-title elementor-size-default\">Child nutrition<\/h3>\t\t\t\t<\/div>\n\t\t\t\t<\/div>\n\t\t<div class=\"elementor-element elementor-element-52c3c493 e-con-full e-flex e-con e-child\" data-id=\"52c3c493\" data-element_type=\"container\" data-e-type=\"container\" data-settings=\"{&quot;background_background&quot;:&quot;classic&quot;}\">\n\t\t\t\t<div class=\"elementor-element elementor-element-64460459 elementor-widget__width-initial elementor-widget elementor-widget-heading\" data-id=\"64460459\" data-element_type=\"widget\" data-e-type=\"widget\" data-widget_type=\"heading.default\">\n\t\t\t\t\t<h3 class=\"elementor-heading-title elementor-size-default\">Nutrition for vegetarians and vegans<\/h3>\t\t\t\t<\/div>\n\t\t\t\t<\/div>\n\t\t<div class=\"elementor-element elementor-element-6c8dedf9 e-con-full e-flex e-con e-child\" data-id=\"6c8dedf9\" data-element_type=\"container\" data-e-type=\"container\" data-settings=\"{&quot;background_background&quot;:&quot;classic&quot;}\">\n\t\t\t\t<div class=\"elementor-element elementor-element-7b6375ee elementor-widget elementor-widget-heading\" data-id=\"7b6375ee\" data-element_type=\"widget\" data-e-type=\"widget\" data-widget_type=\"heading.default\">\n\t\t\t\t\t<h3 class=\"elementor-heading-title elementor-size-default\">Pregnancy Nutrition<\/h3>\t\t\t\t<\/div>\n\t\t\t\t<\/div>\n\t\t\t\t<\/div>\n\t\t\t\t<\/div>\n\t\t\t\t\t<\/div>\n\t\t\t\t<\/div>\n\t\t<div class=\"elementor-element elementor-element-252f7a5 e-flex e-con-boxed e-con e-parent\" data-id=\"252f7a5\" data-element_type=\"container\" data-e-type=\"container\" data-settings=\"{&quot;background_background&quot;:&quot;classic&quot;}\">\n\t\t\t\t\t<div class=\"e-con-inner\">\n\t\t<div class=\"elementor-element elementor-element-227fca6a e-con-full e-flex e-con e-child\" data-id=\"227fca6a\" data-element_type=\"container\" data-e-type=\"container\">\n\t\t\t\t<div class=\"elementor-element elementor-element-298adec7 elementor-widget elementor-widget-heading\" data-id=\"298adec7\" data-element_type=\"widget\" data-e-type=\"widget\" data-widget_type=\"heading.default\">\n\t\t\t\t\t<p class=\"elementor-heading-title elementor-size-default\">Call us and discover that nutrition is not just what you eat.<\/p>\t\t\t\t<\/div>\n\t\t\t\t<div class=\"elementor-element elementor-element-7f05d047 elementor-widget elementor-widget-text-editor\" data-id=\"7f05d047\" data-element_type=\"widget\" data-e-type=\"widget\" data-widget_type=\"text-editor.default\">\n\t\t\t\t\t\t\t\t\t<p>Our team analyzes each case individually to offer you nutritional support tailored to your needs, goals, and lifestyle.<\/p>\t\t\t\t\t\t\t\t<\/div>\n\t\t\t\t<\/div>\n\t\t<div class=\"elementor-element elementor-element-36c08f5b e-con-full e-flex e-con e-child\" data-id=\"36c08f5b\" data-element_type=\"container\" data-e-type=\"container\">\n\t\t\t\t<div class=\"elementor-element elementor-element-7b5dabf6 elementor-widget elementor-widget-button\" data-id=\"7b5dabf6\" data-element_type=\"widget\" data-e-type=\"widget\" data-widget_type=\"button.default\">\n\t\t\t\t\t\t\t\t\t\t<a class=\"elementor-button elementor-button-link elementor-size-sm\" href=\"https:\/\/tuespacioseguromadrid.es\/en\/contacto\/\">\n\t\t\t\t\t\t<span class=\"elementor-button-content-wrapper\">\n\t\t\t\t\t\t\t\t\t<span class=\"elementor-button-text\">Contact<\/span>\n\t\t\t\t\t<\/span>\n\t\t\t\t\t<\/a>\n\t\t\t\t\t\t\t\t<\/div>\n\t\t\t\t<\/div>\n\t\t\t\t\t<\/div>\n\t\t\t\t<\/div>\n\t\t\t\t<\/div>","protected":false},"excerpt":{"rendered":"<p>Nutrici\u00f3n En Espacio Seguro entendemos que la alimentaci\u00f3n es mucho m\u00e1s que contar calor\u00edas o seguir una dieta estricta. Un enfoque integral de la nutrici\u00f3n. En Espacio Seguro creemos que los modelos tradicionales de nutrici\u00f3n muchas veces se quedan cortos. Nuestro enfoque busca acompa\u00f1arte de forma global, entendiendo que alimentarse no es solo una cuesti\u00f3n [&hellip;]<\/p>\n","protected":false},"author":2,"featured_media":0,"parent":0,"menu_order":0,"comment_status":"closed","ping_status":"closed","template":"","meta":{"footnotes":""},"class_list":["post-179","page","type-page","status-publish","hentry"],"blocksy_meta":[],"_hostinger_reach_plugin_has_subscription_block":false,"_hostinger_reach_plugin_is_elementor":false,"_links":{"self":[{"href":"https:\/\/tuespacioseguromadrid.es\/en\/wp-json\/wp\/v2\/pages\/179","targetHints":{"allow":["GET"]}}],"collection":[{"href":"https:\/\/tuespacioseguromadrid.es\/en\/wp-json\/wp\/v2\/pages"}],"about":[{"href":"https:\/\/tuespacioseguromadrid.es\/en\/wp-json\/wp\/v2\/types\/page"}],"author":[{"embeddable":true,"href":"https:\/\/tuespacioseguromadrid.es\/en\/wp-json\/wp\/v2\/users\/2"}],"replies":[{"embeddable":true,"href":"https:\/\/tuespacioseguromadrid.es\/en\/wp-json\/wp\/v2\/comments?post=179"}],"version-history":[{"count":16,"href":"https:\/\/tuespacioseguromadrid.es\/en\/wp-json\/wp\/v2\/pages\/179\/revisions"}],"predecessor-version":[{"id":343,"href":"https:\/\/tuespacioseguromadrid.es\/en\/wp-json\/wp\/v2\/pages\/179\/revisions\/343"}],"wp:attachment":[{"href":"https:\/\/tuespacioseguromadrid.es\/en\/wp-json\/wp\/v2\/media?parent=179"}],"curies":[{"name":"wp","href":"https:\/\/api.w.org\/{rel}","templated":true}]}}